{"id":53,"date":"2023-09-10T21:46:11","date_gmt":"2023-09-10T21:46:11","guid":{"rendered":"https:\/\/www.kaif.de\/?page_id=53"},"modified":"2023-09-10T22:08:29","modified_gmt":"2023-09-10T22:08:29","slug":"selbsthilfe","status":"publish","type":"page","link":"https:\/\/www.kaif.de\/?page_id=53","title":{"rendered":"Selbsthilfe"},"content":{"rendered":"\n<p>Erfahrungen zur Notd\u00fcrftigen Reparatur fernab der n\u00e4chsten Werkstatt<\/p>\n\n\n\n<figure class=\"wp-block-image\"><img decoding=\"async\" src=\"https:\/\/www.kaif.de\/wp-content\/uploads\/2023\/09\/2019-08-18-12.59.32_Bullitour-Aserbaidschan-1024x576.jpg\" alt=\"\"\/><\/figure>\n\n\n\n<h2 class=\"wp-block-heading\">Achsmanschette n\u00e4hen<\/h2>\n\n\n\n<p>H\u00f6rt sich komisch an, aber funktioniert. Operiert wird mit Nadel und einem stabilen Garn. Hat bei uns etliche Kilometer Gel\u00e4nde und Piste entlang der Armenischen Grenze gehalten. <\/p>\n\n\n\n<h2 class=\"wp-block-heading\">Spannungsregler Lichtmaschine Notreparatur<\/h2>\n\n\n\n<p>folgt<\/p>\n","protected":false},"excerpt":{"rendered":"<p>Erfahrungen zur Notd\u00fcrftigen Reparatur fernab der n\u00e4chsten Werkstatt Achsmanschette n\u00e4hen H\u00f6rt sich komisch an, aber funktioniert. Operiert wird mit Nadel und einem stabilen Garn. Hat bei uns etliche Kilometer Gel\u00e4nde und Piste entlang der Armenischen Grenze gehalten. Spannungsregler Lichtmaschine Notreparatur folgt<\/p>\n","protected":false},"author":1,"featured_media":0,"parent":0,"menu_order":0,"comment_status":"closed","ping_status":"closed","template":"","meta":{"footnotes":""},"class_list":["post-53","page","type-page","status-publish","hentry"],"_links":{"self":[{"href":"https:\/\/www.kaif.de\/index.php?rest_route=\/wp\/v2\/pages\/53","targetHints":{"allow":["GET"]}}],"collection":[{"href":"https:\/\/www.kaif.de\/index.php?rest_route=\/wp\/v2\/pages"}],"about":[{"href":"https:\/\/www.kaif.de\/index.php?rest_route=\/wp\/v2\/types\/page"}],"author":[{"embeddable":true,"href":"https:\/\/www.kaif.de\/index.php?rest_route=\/wp\/v2\/users\/1"}],"replies":[{"embeddable":true,"href":"https:\/\/www.kaif.de\/index.php?rest_route=%2Fwp%2Fv2%2Fcomments&post=53"}],"version-history":[{"count":6,"href":"https:\/\/www.kaif.de\/index.php?rest_route=\/wp\/v2\/pages\/53\/revisions"}],"predecessor-version":[{"id":62,"href":"https:\/\/www.kaif.de\/index.php?rest_route=\/wp\/v2\/pages\/53\/revisions\/62"}],"wp:attachment":[{"href":"https:\/\/www.kaif.de\/index.php?rest_route=%2Fwp%2Fv2%2Fmedia&parent=53"}],"curies":[{"name":"wp","href":"https:\/\/api.w.org\/{rel}","templated":true}]}}